{"id":2397,"date":"2025-11-13T22:40:13","date_gmt":"2025-11-13T21:40:13","guid":{"rendered":"https:\/\/pierredelune-sceaux.fr\/?post_type=product&#038;p=2397"},"modified":"2025-11-13T22:40:13","modified_gmt":"2025-11-13T21:40:13","slug":"huile-essentielle-lavande-fine-50ml","status":"publish","type":"product","link":"https:\/\/pierredelune-sceaux.fr\/index.php\/produit\/huile-essentielle-lavande-fine-50ml\/","title":{"rendered":"Huile essentielle &#8211; Lavande fine &#8211; 50ml"},"content":{"rendered":"<p>Conseils d&rsquo;utilisation : (uniquement d\u00e8s 6 kg de poids !)<\/p>\n<p>Par voie orale : 1 goutte, 2 fois par jour entre 6 et 12 ans \/ 1 goutte, 3 fois par jour entre 12 et 18 ans.<\/p>\n<p>Par diffusion : 5 minutes par heure avant 6 ans en l\u2019absence de l\u2019enfant \/ 5 minutes par heure apr\u00e8s 6 ans.<\/p>\n<p>Sur la peau : 1 \u00e0 2 gouttes, 3 fois par jour dilu\u00e9es \u00e0 50 % dans une huile v\u00e9g\u00e9tale d\u00e8s 3 ans et dilu\u00e9es d\u00e8s 6 ans.<\/p>\n<hr \/>\n<p>Sa floraison apporte une belle couleur violette aux paysages de Provence tout en diffusant une agr\u00e9able fragrance. C\u00e9l\u00e8bre pour son parfum, mais aussi pour ses bienfaits, la lavande fine donne jour \u00e0 l&rsquo;huile essentielle la plus connue et la plus utilis\u00e9e au quotidien. La belle r\u00e9putation de la lavande fine ne date pourtant pas d&rsquo;aujourd&rsquo;hui. D\u00e8s l&rsquo;Antiquit\u00e9, les Romains l&rsquo;appr\u00e9ciaient pour ses qualit\u00e9s aromatiques et ses vertus. Purifiante, elle \u00e9tait associ\u00e9e \u00e0 l&rsquo;eau des lessives afin de laver correctement le linge tout en le parfumant.<\/p>\n<p>V\u00e9ritable panac\u00e9e de l&rsquo;aromath\u00e9rapie moderne, l&rsquo;huile essentielle de lavande fine bio d\u00e9tient de nombreuses indications et une grande innocuit\u00e9 qui la rendent tr\u00e8s pr\u00e9cieuse pour tous.\u00a0Tr\u00e8s apaisante, elle permet\u00a0d&rsquo;att\u00e9nuer naturellement le stress et la nervosit\u00e9.\u00a0B\u00e9n\u00e9fique \u00e0 la peau, elle a aussi fait ses preuves pour\u00a0calmer les petites rougeurs et les irritations l\u00e9g\u00e8res\u00a0de l&rsquo;\u00e9piderme. Profitez des bienfaits de la Provence \u00e0 l&rsquo;\u00e9tat pur !<\/p>\n<hr \/>\n<p>Composition : <span class=\"block text-lg font-semibold mt-4 text-gray-600\">Compositio <\/span>Huile Essentielle 100 % pure et biologique de Lavande fine (<em>Lavandula angustifolia<\/em>), obtenue par distillation \u00e0 la vapeur d&rsquo;eau des sommit\u00e9s fleuries fra\u00eeches.<\/p>\n<hr \/>\n<p>Associations id\u00e9ales :<\/p>\n<ul>\n<li>HE de Lavande fine + HE de Petit grain bigaradier<br \/>\nEn cas de stress<br \/>\nLe Petit grain bigaradier renforce les effets apaisants de la Lavande fine<\/li>\n<li>HE de Lavande fine + HE de Tea tree<br \/>\nEn cas de bobos<br \/>\nLe Tea tree ajoute un effet d\u00e9sinfectant<\/li>\n<\/ul>\n","protected":false},"excerpt":{"rendered":"<p>Propri\u00e9t\u00e9s principales :<br \/>\n&#8211; Apaisante : en cas de stress, d&rsquo;insomnie, d\u2019angoisse g\u00e9n\u00e9ralis\u00e9e et de palpitations<br \/>\n&#8211; Antiseptique :\u00a0contre les bobos cutan\u00e9s du quotidien.<br \/>\n&#8211; Cicatrisante :\u00a0pour les br\u00fblures l\u00e9g\u00e8res, les coups de soleil et les petites plaies.<br \/>\n&#8211; Astringente :\u00a0pour le soin des peaux mixtes \u00e0 grasses.<\/p>\n<p>Plante \u00e0 parfum m\u00e9diterran\u00e9enne. Distillation \u00e0 la vapeur des \u00e9pis en fleur. On l&rsquo;appelle parfois Lavande vraie.<\/p>\n<p>La lavande fine est exceptionnelle par sa vari\u00e9t\u00e9, son origine proven\u00e7ale et sa senteur tr\u00e8s fine et agr\u00e9able. Elle pousse en altitude entre 800 et 1000 m\u00e8tre, voire plus.<\/p>\n","protected":false},"featured_media":2398,"template":"","meta":{"ocean_post_layout":"","ocean_both_sidebars_style":"","ocean_both_sidebars_content_width":0,"ocean_both_sidebars_sidebars_width":0,"ocean_sidebar":"0","ocean_second_sidebar":"0","ocean_disable_margins":"enable","ocean_add_body_class":"","ocean_shortcode_before_top_bar":"","ocean_shortcode_after_top_bar":"","ocean_shortcode_before_header":"","ocean_shortcode_after_header":"","ocean_has_shortcode":"","ocean_shortcode_after_title":"","ocean_shortcode_before_footer_widgets":"","ocean_shortcode_after_footer_widgets":"","ocean_shortcode_before_footer_bottom":"","ocean_shortcode_after_footer_bottom":"","ocean_display_top_bar":"default","ocean_display_header":"default","ocean_header_style":"","ocean_center_header_left_menu":"0","ocean_custom_header_template":"0","ocean_custom_logo":0,"ocean_custom_retina_logo":0,"ocean_custom_logo_max_width":0,"ocean_custom_logo_tablet_max_width":0,"ocean_custom_logo_mobile_max_width":0,"ocean_custom_logo_max_height":0,"ocean_custom_logo_tablet_max_height":0,"ocean_custom_logo_mobile_max_height":0,"ocean_header_custom_menu":"0","ocean_menu_typo_font_family":"0","ocean_menu_typo_font_subset":"","ocean_menu_typo_font_size":0,"ocean_menu_typo_font_size_tablet":0,"ocean_menu_typo_font_size_mobile":0,"ocean_menu_typo_font_size_unit":"px","ocean_menu_typo_font_weight":"","ocean_menu_typo_font_weight_tablet":"","ocean_menu_typo_font_weight_mobile":"","ocean_menu_typo_transform":"","ocean_menu_typo_transform_tablet":"","ocean_menu_typo_transform_mobile":"","ocean_menu_typo_line_height":0,"ocean_menu_typo_line_height_tablet":0,"ocean_menu_typo_line_height_mobile":0,"ocean_menu_typo_line_height_unit":"","ocean_menu_typo_spacing":0,"ocean_menu_typo_spacing_tablet":0,"ocean_menu_typo_spacing_mobile":0,"ocean_menu_typo_spacing_unit":"","ocean_menu_link_color":"","ocean_menu_link_color_hover":"","ocean_menu_link_color_active":"","ocean_menu_link_background":"","ocean_menu_link_hover_background":"","ocean_menu_link_active_background":"","ocean_menu_social_links_bg":"","ocean_menu_social_hover_links_bg":"","ocean_menu_social_links_color":"","ocean_menu_social_hover_links_color":"","ocean_disable_title":"default","ocean_disable_heading":"default","ocean_post_title":"","ocean_post_subheading":"","ocean_post_title_style":"","ocean_post_title_background_color":"","ocean_post_title_background":0,"ocean_post_title_bg_image_position":"","ocean_post_title_bg_image_attachment":"","ocean_post_title_bg_image_repeat":"","ocean_post_title_bg_image_size":"","ocean_post_title_height":0,"ocean_post_title_bg_overlay":0.5,"ocean_post_title_bg_overlay_color":"","ocean_disable_breadcrumbs":"default","ocean_breadcrumbs_color":"","ocean_breadcrumbs_separator_color":"","ocean_breadcrumbs_links_color":"","ocean_breadcrumbs_links_hover_color":"","ocean_display_footer_widgets":"default","ocean_display_footer_bottom":"default","ocean_custom_footer_template":"0"},"product_brand":[53],"product_cat":[71],"product_tag":[],"class_list":{"0":"post-2397","1":"product","2":"type-product","3":"status-publish","4":"has-post-thumbnail","6":"product_brand-cevenaromes","7":"product_cat-huiles-essentielles","9":"entry","10":"has-media","12":"first","13":"instock","14":"shipping-taxable","15":"purchasable","16":"product-type-simple","17":"has-product-nav","18":"col","19":"span_1_of_4","20":"owp-content-center","21":"owp-thumbs-layout-horizontal","22":"owp-btn-normal","23":"owp-tabs-layout-horizontal","24":"has-no-thumbnails"},"_links":{"self":[{"href":"https:\/\/pierredelune-sceaux.fr\/index.php\/wp-json\/wp\/v2\/product\/2397","targetHints":{"allow":["GET"]}}],"collection":[{"href":"https:\/\/pierredelune-sceaux.fr\/index.php\/wp-json\/wp\/v2\/product"}],"about":[{"href":"https:\/\/pierredelune-sceaux.fr\/index.php\/wp-json\/wp\/v2\/types\/product"}],"wp:featuredmedia":[{"embeddable":true,"href":"https:\/\/pierredelune-sceaux.fr\/index.php\/wp-json\/wp\/v2\/media\/2398"}],"wp:attachment":[{"href":"https:\/\/pierredelune-sceaux.fr\/index.php\/wp-json\/wp\/v2\/media?parent=2397"}],"wp:term":[{"taxonomy":"product_brand","embeddable":true,"href":"https:\/\/pierredelune-sceaux.fr\/index.php\/wp-json\/wp\/v2\/product_brand?post=2397"},{"taxonomy":"product_cat","embeddable":true,"href":"https:\/\/pierredelune-sceaux.fr\/index.php\/wp-json\/wp\/v2\/product_cat?post=2397"},{"taxonomy":"product_tag","embeddable":true,"href":"https:\/\/pierredelune-sceaux.fr\/index.php\/wp-json\/wp\/v2\/product_tag?post=2397"}],"curies":[{"name":"wp","href":"https:\/\/api.w.org\/{rel}","templated":true}]}}