{"id":2403,"date":"2025-11-13T22:42:55","date_gmt":"2025-11-13T21:42:55","guid":{"rendered":"https:\/\/pierredelune-sceaux.fr\/?post_type=product&#038;p=2403"},"modified":"2025-11-13T22:42:55","modified_gmt":"2025-11-13T21:42:55","slug":"huile-essentielle-girofle","status":"publish","type":"product","link":"https:\/\/pierredelune-sceaux.fr\/index.php\/produit\/huile-essentielle-girofle\/","title":{"rendered":"Huile essentielle &#8211; Girofle"},"content":{"rendered":"<p>Composition: Eugenia caryophyllus (Fam. myrtac\u00e9es) Bio.<\/p>\n<p>Extraction par distillation \u00e0 la vapeur d\u2019eau des feuilles et boutons non \u00e9clos ou \u00ab clous \u00bb. Ceux-ci contiennent 20% d\u2019une huile essentielle \u00ab plus lourde que l\u2019eau \u00bb !<\/p>\n<hr \/>\n<p>Conseils d&rsquo;utilisation :<\/p>\n<p>Voie buccale : tr\u00e8s dilu\u00e9e dans de l&rsquo;huile grasse sur avis d&rsquo;un m\u00e9decin sp\u00e9cialiste<\/p>\n<p>Sur la peau, muqueuses buccales : dilu\u00e9e imp\u00e9rativement dans une huile v\u00e9g\u00e9tale ou en impr\u00e9gnation sur un coton.<\/p>\n<p>L&rsquo;huile essentielle de girofle s\u2019utilise en dilution de 5 \u00e0 10 % environ d\u2019huile essentielle dans une huile v\u00e9g\u00e9tale.<\/p>\n<p>Pour les infections dentaires, maux de dents, aphtes : appliquer doucement sur la dent, la gencive, l\u2019aphte, un coton-tige impr\u00e9gn\u00e9 d\u20191 goutte d&rsquo;huile essentielle de Girofle. Pour les infections gingivales, on pourra laisser en place quelques heures un coton impr\u00e9gn\u00e9 de 2 gouttes d\u2019huile essentielle de Girofle et d\u2019un peu d\u2019huile v\u00e9g\u00e9tale de s\u00e9same ou d\u2019amande douce ou autre.<\/p>\n<p>Pour tonifier, stimuler le syst\u00e8me immunitaire et aider \u00e0 traiter des infections bact\u00e9riennes, virales, on dilue 1 goutte d\u2019huile essentielle de Girofle et 2 gouttes d\u2019huile essentielle de Ravintsara ou de Lavande vraie dans une cuill\u00e8re \u00e0 caf\u00e9 d\u2019huile de Jojoba ou autre. Masser doucement les zones concern\u00e9es et le bas du dos et le plexus solaire, plusieurs fois par jour.<\/p>\n<p>En diffusion : On peut la diffuser en petite quantit\u00e9 dans un m\u00e9lange pour aseptiser et \u00e9loigner les insectes volants, comme les mouches.<\/p>\n<p>En cuisine: Le clou de girofle est une \u00e9pice indispensable, omnipr\u00e9sente dans la cuisine orientale, elle rel\u00e8ve le go\u00fbt et facilite la digestion.1 \u00e0 2 gouttes d&rsquo;HE dans la pr\u00e9paration des viandes bouillies par exemple. 1 goutte dans un vin chaud.<\/p>\n<hr \/>\n<p>Attention, l\u2019huile essentielle de Clous de Girofle est agressive sur les muqueuses et les peaux sensibles. Il faut la diluer imp\u00e9rativement dans une huile v\u00e9g\u00e9tale grasse. D\u00e9conseill\u00e9e pour les enfants avant 12 ans. Aucune autre contre-indication aux doses physiologiques et usages recommand\u00e9s par un m\u00e9decin sp\u00e9cialiste..<\/p>\n<hr \/>\n<p>IMPORTANT : Respecter les modes et pr\u00e9cautions d\u2019emploi, dosages. Pratiquer un test cutan\u00e9 au pli du coude pour \u00e9viter un risque d\u2019allergie toujours possible. Appliquer une goutte et attendre 24 H pour une \u00e9ventuelle r\u00e9action cutan\u00e9e ou autre. Attention aux yeux !<\/p>\n<p>Pour tout usage th\u00e9rapeutique d\u2019huiles essentielles ou usage interne, usage durant la grossesse, durant l\u2019allaitement, pour les enfants en bas \u00e2ge, consulter un m\u00e9decin sp\u00e9cialiste.<\/p>\n<p>Pour plus d\u2019informations et usages th\u00e9rapeutiques, consulter un m\u00e9decin sp\u00e9cialiste. Les informations cit\u00e9es sur ce site sont tir\u00e9es d\u2019ouvrages de r\u00e9f\u00e9rence scientifique en aromath\u00e9rapie et ne sauraient en aucun cas constituer une information m\u00e9dicale, faire usage de diagnostic ou d\u2019ordonnance, ni engager la responsabilit\u00e9 du site.<\/p>\n<p>Il est recommand\u00e9 de veiller \u00e0 avoir une alimentation vari\u00e9e et \u00e9quilibr\u00e9e et un mode de vie sain. Tenir hors de port\u00e9e des enfants. Ce produit n\u2019est pas un m\u00e9dicament<\/p>\n","protected":false},"excerpt":{"rendered":"<p>Propri\u00e9t\u00e9s principales :<br \/>\n&#8211; Stimulante g\u00e9n\u00e9rale<br \/>\n&#8211; Antibact\u00e9rienne puissante \u00e0 large spectre<br \/>\n&#8211; Antivirale<br \/>\n&#8211; Anti-infectieuse<br \/>\n&#8211; Antiparasitaire<br \/>\n&#8211; Antifongique<br \/>\n&#8211; Antiseptique<br \/>\n&#8211; Neurotonique<br \/>\n&#8211; Tonique ut\u00e9rine et l\u00e9g\u00e8rement aphrodisiaque<br \/>\n&#8211; Caut\u00e9risant cutan\u00e9e.<\/p>\n","protected":false},"featured_media":2404,"template":"","meta":{"ocean_post_layout":"","ocean_both_sidebars_style":"","ocean_both_sidebars_content_width":0,"ocean_both_sidebars_sidebars_width":0,"ocean_sidebar":"0","ocean_second_sidebar":"0","ocean_disable_margins":"enable","ocean_add_body_class":"","ocean_shortcode_before_top_bar":"","ocean_shortcode_after_top_bar":"","ocean_shortcode_before_header":"","ocean_shortcode_after_header":"","ocean_has_shortcode":"","ocean_shortcode_after_title":"","ocean_shortcode_before_footer_widgets":"","ocean_shortcode_after_footer_widgets":"","ocean_shortcode_before_footer_bottom":"","ocean_shortcode_after_footer_bottom":"","ocean_display_top_bar":"default","ocean_display_header":"default","ocean_header_style":"","ocean_center_header_left_menu":"0","ocean_custom_header_template":"0","ocean_custom_logo":0,"ocean_custom_retina_logo":0,"ocean_custom_logo_max_width":0,"ocean_custom_logo_tablet_max_width":0,"ocean_custom_logo_mobile_max_width":0,"ocean_custom_logo_max_height":0,"ocean_custom_logo_tablet_max_height":0,"ocean_custom_logo_mobile_max_height":0,"ocean_header_custom_menu":"0","ocean_menu_typo_font_family":"0","ocean_menu_typo_font_subset":"","ocean_menu_typo_font_size":0,"ocean_menu_typo_font_size_tablet":0,"ocean_menu_typo_font_size_mobile":0,"ocean_menu_typo_font_size_unit":"px","ocean_menu_typo_font_weight":"","ocean_menu_typo_font_weight_tablet":"","ocean_menu_typo_font_weight_mobile":"","ocean_menu_typo_transform":"","ocean_menu_typo_transform_tablet":"","ocean_menu_typo_transform_mobile":"","ocean_menu_typo_line_height":0,"ocean_menu_typo_line_height_tablet":0,"ocean_menu_typo_line_height_mobile":0,"ocean_menu_typo_line_height_unit":"","ocean_menu_typo_spacing":0,"ocean_menu_typo_spacing_tablet":0,"ocean_menu_typo_spacing_mobile":0,"ocean_menu_typo_spacing_unit":"","ocean_menu_link_color":"","ocean_menu_link_color_hover":"","ocean_menu_link_color_active":"","ocean_menu_link_background":"","ocean_menu_link_hover_background":"","ocean_menu_link_active_background":"","ocean_menu_social_links_bg":"","ocean_menu_social_hover_links_bg":"","ocean_menu_social_links_color":"","ocean_menu_social_hover_links_color":"","ocean_disable_title":"default","ocean_disable_heading":"default","ocean_post_title":"","ocean_post_subheading":"","ocean_post_title_style":"","ocean_post_title_background_color":"","ocean_post_title_background":0,"ocean_post_title_bg_image_position":"","ocean_post_title_bg_image_attachment":"","ocean_post_title_bg_image_repeat":"","ocean_post_title_bg_image_size":"","ocean_post_title_height":0,"ocean_post_title_bg_overlay":0.5,"ocean_post_title_bg_overlay_color":"","ocean_disable_breadcrumbs":"default","ocean_breadcrumbs_color":"","ocean_breadcrumbs_separator_color":"","ocean_breadcrumbs_links_color":"","ocean_breadcrumbs_links_hover_color":"","ocean_display_footer_widgets":"default","ocean_display_footer_bottom":"default","ocean_custom_footer_template":"0"},"product_brand":[53],"product_cat":[71],"product_tag":[],"class_list":{"0":"post-2403","1":"product","2":"type-product","3":"status-publish","4":"has-post-thumbnail","6":"product_brand-cevenaromes","7":"product_cat-huiles-essentielles","9":"entry","10":"has-media","12":"first","13":"instock","14":"shipping-taxable","15":"purchasable","16":"product-type-simple","17":"has-product-nav","18":"col","19":"span_1_of_4","20":"owp-content-center","21":"owp-thumbs-layout-horizontal","22":"owp-btn-normal","23":"owp-tabs-layout-horizontal","24":"has-no-thumbnails"},"_links":{"self":[{"href":"https:\/\/pierredelune-sceaux.fr\/index.php\/wp-json\/wp\/v2\/product\/2403","targetHints":{"allow":["GET"]}}],"collection":[{"href":"https:\/\/pierredelune-sceaux.fr\/index.php\/wp-json\/wp\/v2\/product"}],"about":[{"href":"https:\/\/pierredelune-sceaux.fr\/index.php\/wp-json\/wp\/v2\/types\/product"}],"wp:featuredmedia":[{"embeddable":true,"href":"https:\/\/pierredelune-sceaux.fr\/index.php\/wp-json\/wp\/v2\/media\/2404"}],"wp:attachment":[{"href":"https:\/\/pierredelune-sceaux.fr\/index.php\/wp-json\/wp\/v2\/media?parent=2403"}],"wp:term":[{"taxonomy":"product_brand","embeddable":true,"href":"https:\/\/pierredelune-sceaux.fr\/index.php\/wp-json\/wp\/v2\/product_brand?post=2403"},{"taxonomy":"product_cat","embeddable":true,"href":"https:\/\/pierredelune-sceaux.fr\/index.php\/wp-json\/wp\/v2\/product_cat?post=2403"},{"taxonomy":"product_tag","embeddable":true,"href":"https:\/\/pierredelune-sceaux.fr\/index.php\/wp-json\/wp\/v2\/product_tag?post=2403"}],"curies":[{"name":"wp","href":"https:\/\/api.w.org\/{rel}","templated":true}]}}