{"id":2409,"date":"2025-11-13T22:42:39","date_gmt":"2025-11-13T21:42:39","guid":{"rendered":"https:\/\/pierredelune-sceaux.fr\/?post_type=product&#038;p=2409"},"modified":"2025-11-13T22:42:39","modified_gmt":"2025-11-13T21:42:39","slug":"huile-essentielle-eucalyptus-radiata","status":"publish","type":"product","link":"https:\/\/pierredelune-sceaux.fr\/index.php\/produit\/huile-essentielle-eucalyptus-radiata\/","title":{"rendered":"Huile essentielle &#8211; Eucalyptus Radiata"},"content":{"rendered":"<p>&nbsp;<\/p>\n<p>Conseils d&rsquo;utilisation :<\/p>\n<p>Voie externe : 3 \u00e0 4 gouttes d\u2019huile essentielle d\u2019eucalyptus radi\u00e9 + 3 gouttes d\u2019huile v\u00e9g\u00e9tale de noisette, 3 fois par jour, en onctions sur le thorax et le dos.<\/p>\n<p>Voie interne : consultez votre m\u00e9decin.<\/p>\n<hr \/>\n<p>Astuce<\/p>\n<p>Pour stopper un refroidissement, et pour \u00e9chapper \u00e0 la contamination durant les p\u00e9riodes d\u2019\u00e9pid\u00e9mies virales ou contagieuses, appliquez sur le thorax et le cou ou sur la plante des pieds 4 \u00e0 6 gouttes d\u2019huile essentielle d\u2019eucalyptus radi\u00e9. Formule pour augmenter les d\u00e9fenses naturelles face aux maux d&rsquo;hiver : Dans un flacon de 10 ml 150 gouttes de Ravintsara + 70 gouttes d&rsquo;Eucalyptus radi\u00e9 + 35 gouttes de Laurier noble + 35 gouttes de Niaouli.<\/p>\n<hr \/>\n<p>Pr\u00e9cautions particuli\u00e8res<\/p>\n<p>Tenir hors de port\u00e9e des jeunes enfants. Ne se substitue pas \u00e0 une alimentation vari\u00e9e et \u00e9quilibr\u00e9e et \u00e0 un mode de vie sain.<\/p>\n<p>Ne pas d\u00e9passer la dose conseill\u00e9e. Prudence pendant la grossesse et l\u2019allaitement et chez l\u2019enfant de moins de 3 ans. Conserver \u00e0 l&rsquo;abri de toute source de chaleur et de lumi\u00e8re.<\/p>\n","protected":false},"excerpt":{"rendered":"<p>Propri\u00e9t\u00e9s principales :<br \/>\n&#8211; expectorante antitussive antivirale<br \/>\n&#8211; stimulante immunitaire antibact\u00e9rienne<br \/>\n&#8211; anti-inflammatoire \u00e9nergisante, neurotonique<\/p>\n<p>Utilisation affections ORL fatigue profonde<\/p>\n<p>Appr\u00e9ciant les sols drain\u00e9s des hauteurs subtropicales, l\u2019Eucalyptus radi\u00e9 poss\u00e8de un tronc gris-bleu, une \u00e9corce caduque, des feuilles juv\u00e9niles arrondies et des feuilles adultes lanc\u00e9ol\u00e9es. Les aborig\u00e8nes d\u2019Australie utilisent les feuilles \u00e0 l\u2019\u00e9tat frais pour panser leurs plaies.<\/p>\n","protected":false},"featured_media":2411,"template":"","meta":{"ocean_post_layout":"","ocean_both_sidebars_style":"","ocean_both_sidebars_content_width":0,"ocean_both_sidebars_sidebars_width":0,"ocean_sidebar":"0","ocean_second_sidebar":"0","ocean_disable_margins":"enable","ocean_add_body_class":"","ocean_shortcode_before_top_bar":"","ocean_shortcode_after_top_bar":"","ocean_shortcode_before_header":"","ocean_shortcode_after_header":"","ocean_has_shortcode":"","ocean_shortcode_after_title":"","ocean_shortcode_before_footer_widgets":"","ocean_shortcode_after_footer_widgets":"","ocean_shortcode_before_footer_bottom":"","ocean_shortcode_after_footer_bottom":"","ocean_display_top_bar":"default","ocean_display_header":"default","ocean_header_style":"","ocean_center_header_left_menu":"0","ocean_custom_header_template":"0","ocean_custom_logo":0,"ocean_custom_retina_logo":0,"ocean_custom_logo_max_width":0,"ocean_custom_logo_tablet_max_width":0,"ocean_custom_logo_mobile_max_width":0,"ocean_custom_logo_max_height":0,"ocean_custom_logo_tablet_max_height":0,"ocean_custom_logo_mobile_max_height":0,"ocean_header_custom_menu":"0","ocean_menu_typo_font_family":"0","ocean_menu_typo_font_subset":"","ocean_menu_typo_font_size":0,"ocean_menu_typo_font_size_tablet":0,"ocean_menu_typo_font_size_mobile":0,"ocean_menu_typo_font_size_unit":"px","ocean_menu_typo_font_weight":"","ocean_menu_typo_font_weight_tablet":"","ocean_menu_typo_font_weight_mobile":"","ocean_menu_typo_transform":"","ocean_menu_typo_transform_tablet":"","ocean_menu_typo_transform_mobile":"","ocean_menu_typo_line_height":0,"ocean_menu_typo_line_height_tablet":0,"ocean_menu_typo_line_height_mobile":0,"ocean_menu_typo_line_height_unit":"","ocean_menu_typo_spacing":0,"ocean_menu_typo_spacing_tablet":0,"ocean_menu_typo_spacing_mobile":0,"ocean_menu_typo_spacing_unit":"","ocean_menu_link_color":"","ocean_menu_link_color_hover":"","ocean_menu_link_color_active":"","ocean_menu_link_background":"","ocean_menu_link_hover_background":"","ocean_menu_link_active_background":"","ocean_menu_social_links_bg":"","ocean_menu_social_hover_links_bg":"","ocean_menu_social_links_color":"","ocean_menu_social_hover_links_color":"","ocean_disable_title":"default","ocean_disable_heading":"default","ocean_post_title":"","ocean_post_subheading":"","ocean_post_title_style":"","ocean_post_title_background_color":"","ocean_post_title_background":0,"ocean_post_title_bg_image_position":"","ocean_post_title_bg_image_attachment":"","ocean_post_title_bg_image_repeat":"","ocean_post_title_bg_image_size":"","ocean_post_title_height":0,"ocean_post_title_bg_overlay":0.5,"ocean_post_title_bg_overlay_color":"","ocean_disable_breadcrumbs":"default","ocean_breadcrumbs_color":"","ocean_breadcrumbs_separator_color":"","ocean_breadcrumbs_links_color":"","ocean_breadcrumbs_links_hover_color":"","ocean_display_footer_widgets":"default","ocean_display_footer_bottom":"default","ocean_custom_footer_template":"0"},"product_brand":[53],"product_cat":[71],"product_tag":[],"class_list":{"0":"post-2409","1":"product","2":"type-product","3":"status-publish","4":"has-post-thumbnail","6":"product_brand-cevenaromes","7":"product_cat-huiles-essentielles","9":"entry","10":"has-media","12":"first","13":"instock","14":"shipping-taxable","15":"purchasable","16":"product-type-simple","17":"has-product-nav","18":"col","19":"span_1_of_4","20":"owp-content-center","21":"owp-thumbs-layout-horizontal","22":"owp-btn-normal","23":"owp-tabs-layout-horizontal","24":"has-no-thumbnails"},"_links":{"self":[{"href":"https:\/\/pierredelune-sceaux.fr\/index.php\/wp-json\/wp\/v2\/product\/2409","targetHints":{"allow":["GET"]}}],"collection":[{"href":"https:\/\/pierredelune-sceaux.fr\/index.php\/wp-json\/wp\/v2\/product"}],"about":[{"href":"https:\/\/pierredelune-sceaux.fr\/index.php\/wp-json\/wp\/v2\/types\/product"}],"wp:featuredmedia":[{"embeddable":true,"href":"https:\/\/pierredelune-sceaux.fr\/index.php\/wp-json\/wp\/v2\/media\/2411"}],"wp:attachment":[{"href":"https:\/\/pierredelune-sceaux.fr\/index.php\/wp-json\/wp\/v2\/media?parent=2409"}],"wp:term":[{"taxonomy":"product_brand","embeddable":true,"href":"https:\/\/pierredelune-sceaux.fr\/index.php\/wp-json\/wp\/v2\/product_brand?post=2409"},{"taxonomy":"product_cat","embeddable":true,"href":"https:\/\/pierredelune-sceaux.fr\/index.php\/wp-json\/wp\/v2\/product_cat?post=2409"},{"taxonomy":"product_tag","embeddable":true,"href":"https:\/\/pierredelune-sceaux.fr\/index.php\/wp-json\/wp\/v2\/product_tag?post=2409"}],"curies":[{"name":"wp","href":"https:\/\/api.w.org\/{rel}","templated":true}]}}