{"id":2424,"date":"2025-11-13T22:37:03","date_gmt":"2025-11-13T21:37:03","guid":{"rendered":"https:\/\/pierredelune-sceaux.fr\/?post_type=product&#038;p=2424"},"modified":"2025-11-13T22:37:03","modified_gmt":"2025-11-13T21:37:03","slug":"huile-essentielle-cannelle","status":"publish","type":"product","link":"https:\/\/pierredelune-sceaux.fr\/index.php\/produit\/huile-essentielle-cannelle\/","title":{"rendered":"Huile essentielle &#8211; Cannelle"},"content":{"rendered":"<p>Conseils d&rsquo;utilisation :<\/p>\n<p>Par voie cutan\u00e9e : utiliser cette huile essentielle en application cutan\u00e9e (OBLIGATOIREMENT en dilution avec une huile v\u00e9g\u00e9tale).<\/p>\n<p>En diffusion: 5 gouttes dans un diffuseur atmosph\u00e9rique.<\/p>\n<p>Cependant vous pouvez utiliser l&rsquo;\u00e9vaporation de cette huile avec une source de chaleur douce adapt\u00e9e, seule ou en synergie avec d&rsquo;autres huiles essentielles.<\/p>\n<hr \/>\n<p>Ne pas d\u00e9passer les doses recommand\u00e9es (demander un avis \u00e0 votre m\u00e9decin ou votre pharmacien sp\u00e9cialis\u00e9 en aromath\u00e9rapie).<\/p>\n<p>En aucun cas les informations et les conseils donn\u00e9s, ne peuvent constituer un diagnostic, lequel n\u00e9cessite obligatoirement un examen aupr\u00e8s de son m\u00e9decin.<\/p>\n<p>Les huiles essentielles ne doivent pas se substituer \u00e0 un traitement m\u00e9dical ni \u00e0 une alimentation \u00e9quilibr\u00e9e.<\/p>\n<p>N&rsquo;utilisez pas plus de 3 huiles essentielles en m\u00eame temps.<\/p>\n<hr \/>\n<p>Contre-indication(s):<\/p>\n<p>Ne pas utiliser cette huile essentielle si vous souffrez d&rsquo;insuffisance h\u00e9patique.<\/p>\n<p>Possibilit\u00e9 de r\u00e9actions allergiques visibles (irritations) sur la peau et au niveau des muqueuses.<\/p>\n<hr \/>\n<p>Pr\u00e9cautions g\u00e9n\u00e9rales \u00e0 l&rsquo;utilisation des huiles essentielles:<\/p>\n<p>Ne pas utiliser chez la femme enceinte ou allaitante.<\/p>\n<p>Ne pas laisser \u00e0 la port\u00e9e des enfants.<\/p>\n<p>Demander un avis m\u00e9dical pour les enfants de moins de 10 ans.<\/p>\n<p>En cas d&rsquo;\u00e9pilepsie et d&rsquo;allergies aux mol\u00e9cules aromatiques, \u00e9viter l&rsquo;utilisation des huiles essentielles.<\/p>\n<p>Ne pas utiliser continuellement en diffusion.<\/p>\n<p>Eviter les contacts avec les yeux, les oreilles ou le nez (sauf application mentionn\u00e9e dans les conditions d&rsquo;utilisation).<\/p>\n<p>Eviter le contact avec la peau d&rsquo;une HE pure (sauf application mentionn\u00e9e dans les conseils d&rsquo;utilisation).<\/p>\n<p>Se laver correctement les mains avec du savon de pr\u00e9f\u00e9rence apr\u00e8s chaque utilisation en massage.<\/p>\n<p>Il est conseill\u00e9 de faire un test d&rsquo;application de l&rsquo;huile essentielle dilu\u00e9e dans une huile v\u00e9g\u00e9tale avant toute utilisation. Appliquer le m\u00e9lange dans le pli du coude et laisser agir au moins 24h. En cas d&rsquo;irritations, il est d\u00e9conseill\u00e9 d&rsquo;utiliser l&rsquo;huile essentielle.<\/p>\n","protected":false},"excerpt":{"rendered":"<p>L&rsquo;huile essentielle biologique de Cannelle feuille est riche en eug\u00e9nol. Elle est principalement utilis\u00e9e pour son action anti-infectieuse et anti-bact\u00e9rienne \u00e0 large spectre.<\/p>\n<p>Son huile essentielle est aussi dot\u00e9e de vertus toniques et stimulantes pour combattre une fatigue passag\u00e8re.<\/p>\n<p>Propri\u00e9t\u00e9s principales :<br \/>\n&#8211; Puissante anti-infectieuse<br \/>\n&#8211; Action fongicide, anti-parasitaire<br \/>\n&#8211; Stimulante g\u00e9n\u00e9rale.<\/p>\n<p>Flacon de 20ml<\/p>\n","protected":false},"featured_media":2425,"template":"","meta":{"ocean_post_layout":"","ocean_both_sidebars_style":"","ocean_both_sidebars_content_width":0,"ocean_both_sidebars_sidebars_width":0,"ocean_sidebar":"0","ocean_second_sidebar":"0","ocean_disable_margins":"enable","ocean_add_body_class":"","ocean_shortcode_before_top_bar":"","ocean_shortcode_after_top_bar":"","ocean_shortcode_before_header":"","ocean_shortcode_after_header":"","ocean_has_shortcode":"","ocean_shortcode_after_title":"","ocean_shortcode_before_footer_widgets":"","ocean_shortcode_after_footer_widgets":"","ocean_shortcode_before_footer_bottom":"","ocean_shortcode_after_footer_bottom":"","ocean_display_top_bar":"default","ocean_display_header":"default","ocean_header_style":"","ocean_center_header_left_menu":"0","ocean_custom_header_template":"0","ocean_custom_logo":0,"ocean_custom_retina_logo":0,"ocean_custom_logo_max_width":0,"ocean_custom_logo_tablet_max_width":0,"ocean_custom_logo_mobile_max_width":0,"ocean_custom_logo_max_height":0,"ocean_custom_logo_tablet_max_height":0,"ocean_custom_logo_mobile_max_height":0,"ocean_header_custom_menu":"0","ocean_menu_typo_font_family":"0","ocean_menu_typo_font_subset":"","ocean_menu_typo_font_size":0,"ocean_menu_typo_font_size_tablet":0,"ocean_menu_typo_font_size_mobile":0,"ocean_menu_typo_font_size_unit":"px","ocean_menu_typo_font_weight":"","ocean_menu_typo_font_weight_tablet":"","ocean_menu_typo_font_weight_mobile":"","ocean_menu_typo_transform":"","ocean_menu_typo_transform_tablet":"","ocean_menu_typo_transform_mobile":"","ocean_menu_typo_line_height":0,"ocean_menu_typo_line_height_tablet":0,"ocean_menu_typo_line_height_mobile":0,"ocean_menu_typo_line_height_unit":"","ocean_menu_typo_spacing":0,"ocean_menu_typo_spacing_tablet":0,"ocean_menu_typo_spacing_mobile":0,"ocean_menu_typo_spacing_unit":"","ocean_menu_link_color":"","ocean_menu_link_color_hover":"","ocean_menu_link_color_active":"","ocean_menu_link_background":"","ocean_menu_link_hover_background":"","ocean_menu_link_active_background":"","ocean_menu_social_links_bg":"","ocean_menu_social_hover_links_bg":"","ocean_menu_social_links_color":"","ocean_menu_social_hover_links_color":"","ocean_disable_title":"default","ocean_disable_heading":"default","ocean_post_title":"","ocean_post_subheading":"","ocean_post_title_style":"","ocean_post_title_background_color":"","ocean_post_title_background":0,"ocean_post_title_bg_image_position":"","ocean_post_title_bg_image_attachment":"","ocean_post_title_bg_image_repeat":"","ocean_post_title_bg_image_size":"","ocean_post_title_height":0,"ocean_post_title_bg_overlay":0.5,"ocean_post_title_bg_overlay_color":"","ocean_disable_breadcrumbs":"default","ocean_breadcrumbs_color":"","ocean_breadcrumbs_separator_color":"","ocean_breadcrumbs_links_color":"","ocean_breadcrumbs_links_hover_color":"","ocean_display_footer_widgets":"default","ocean_display_footer_bottom":"default","ocean_custom_footer_template":"0"},"product_brand":[53],"product_cat":[71],"product_tag":[],"class_list":{"0":"post-2424","1":"product","2":"type-product","3":"status-publish","4":"has-post-thumbnail","6":"product_brand-cevenaromes","7":"product_cat-huiles-essentielles","9":"entry","10":"has-media","12":"first","13":"instock","14":"shipping-taxable","15":"purchasable","16":"product-type-simple","17":"has-product-nav","18":"col","19":"span_1_of_4","20":"owp-content-center","21":"owp-thumbs-layout-horizontal","22":"owp-btn-normal","23":"owp-tabs-layout-horizontal","24":"has-no-thumbnails"},"_links":{"self":[{"href":"https:\/\/pierredelune-sceaux.fr\/index.php\/wp-json\/wp\/v2\/product\/2424","targetHints":{"allow":["GET"]}}],"collection":[{"href":"https:\/\/pierredelune-sceaux.fr\/index.php\/wp-json\/wp\/v2\/product"}],"about":[{"href":"https:\/\/pierredelune-sceaux.fr\/index.php\/wp-json\/wp\/v2\/types\/product"}],"wp:featuredmedia":[{"embeddable":true,"href":"https:\/\/pierredelune-sceaux.fr\/index.php\/wp-json\/wp\/v2\/media\/2425"}],"wp:attachment":[{"href":"https:\/\/pierredelune-sceaux.fr\/index.php\/wp-json\/wp\/v2\/media?parent=2424"}],"wp:term":[{"taxonomy":"product_brand","embeddable":true,"href":"https:\/\/pierredelune-sceaux.fr\/index.php\/wp-json\/wp\/v2\/product_brand?post=2424"},{"taxonomy":"product_cat","embeddable":true,"href":"https:\/\/pierredelune-sceaux.fr\/index.php\/wp-json\/wp\/v2\/product_cat?post=2424"},{"taxonomy":"product_tag","embeddable":true,"href":"https:\/\/pierredelune-sceaux.fr\/index.php\/wp-json\/wp\/v2\/product_tag?post=2424"}],"curies":[{"name":"wp","href":"https:\/\/api.w.org\/{rel}","templated":true}]}}