{"id":2685,"date":"2026-03-16T04:05:06","date_gmt":"2026-03-16T03:05:06","guid":{"rendered":"https:\/\/pierredelune-sceaux.fr\/?post_type=product&#038;p=2685"},"modified":"2026-03-16T04:05:06","modified_gmt":"2026-03-16T03:05:06","slug":"capsules-huile-cbd-bio-broad-spectrum","status":"publish","type":"product","link":"https:\/\/pierredelune-sceaux.fr\/index.php\/produit\/capsules-huile-cbd-bio-broad-spectrum\/","title":{"rendered":"Capsules huile CBD bio \u2013 Broad Spectrum"},"content":{"rendered":"<p>Mode d&rsquo;utilisation : prendre une capsule par jour, de pr\u00e9f\u00e9rence le soir, avec un verre d&rsquo;eau.<\/p>\n<p>Pour les personnes sensibles ou d\u00e9butantes, il est conseill\u00e9 de commencer par une demi capsules (en l&rsquo;ouvrant et en r\u00e9partissant son contenu) et d&rsquo;ajuster la posologie en fonction des besoins et ressentis.<\/p>\n<hr \/>\n<p>Comprendre le spectre large sans THC :<\/p>\n<ul>\n<li>conservation de l&rsquo;ensemble des cannabino\u00efdes b\u00e9n\u00e9fiques (CBG, CBN, etc.), terp\u00e8nes et flavono\u00efdes<\/li>\n<li>tout en \u00e9liminant totalement le THC<\/li>\n<\/ul>\n<p>Cette synergie, connue sous le nom d&rsquo;effet d&rsquo;entourage, potentialise l&rsquo;efficacit\u00e9 du CBD.<\/p>\n<hr \/>\n<p>Capsules fabriqu\u00e9es \u00e0 partir d&rsquo;huile de chanvre biologique, et sont certifi\u00e9es GMP &amp; ISO.<\/p>\n<p>Recommand\u00e9es pour les professionnels soumis \u00e0 des contr\u00f4les r\u00e9guliers (sportifs, chauffeurs, pilotes, forces de l&rsquo;ordre), gr\u00e2ce \u00e0 l&rsquo;absence totale de THC.<\/p>\n<hr \/>\n<p>Provenance : France<br \/>\nBo\u00eete de 30 capsules.<\/p>\n","protected":false},"excerpt":{"rendered":"<p>Con\u00e7ues pour vous accompagner si vous souffrez de stress chronique intense, de variation d&rsquo;humeur, de fatigue mentale, de troubles de sommeil ou de douleurs inflammatoires.<\/p>\n<p>Ces capsules sont une alternative pratique et discr\u00e8te aux huiles sublinguales, offrant une absorption digestive lente pour une action prolong\u00e9e sur 6 \u00e0 8 heures. Profitez de 30 jours de suppl\u00e9mentation.<\/p>\n<p>Chaque capsule contient 50mg de CBD \u00e0 spectre large, sans THC, garantissant une action cibl\u00e9e sans effets psychotropes. Voir ci-dessous pour comprendre le spectre large sans THC.<\/p>\n<p>Conviennent aux r\u00e9gimes v\u00e9g\u00e9tariens et v\u00e9gans.<\/p>\n","protected":false},"featured_media":2686,"template":"","meta":{"ocean_post_layout":"","ocean_both_sidebars_style":"","ocean_both_sidebars_content_width":0,"ocean_both_sidebars_sidebars_width":0,"ocean_sidebar":"0","ocean_second_sidebar":"0","ocean_disable_margins":"enable","ocean_add_body_class":"","ocean_shortcode_before_top_bar":"","ocean_shortcode_after_top_bar":"","ocean_shortcode_before_header":"","ocean_shortcode_after_header":"","ocean_has_shortcode":"","ocean_shortcode_after_title":"","ocean_shortcode_before_footer_widgets":"","ocean_shortcode_after_footer_widgets":"","ocean_shortcode_before_footer_bottom":"","ocean_shortcode_after_footer_bottom":"","ocean_display_top_bar":"default","ocean_display_header":"default","ocean_header_style":"","ocean_center_header_left_menu":"0","ocean_custom_header_template":"0","ocean_custom_logo":0,"ocean_custom_retina_logo":0,"ocean_custom_logo_max_width":0,"ocean_custom_logo_tablet_max_width":0,"ocean_custom_logo_mobile_max_width":0,"ocean_custom_logo_max_height":0,"ocean_custom_logo_tablet_max_height":0,"ocean_custom_logo_mobile_max_height":0,"ocean_header_custom_menu":"0","ocean_menu_typo_font_family":"0","ocean_menu_typo_font_subset":"","ocean_menu_typo_font_size":0,"ocean_menu_typo_font_size_tablet":0,"ocean_menu_typo_font_size_mobile":0,"ocean_menu_typo_font_size_unit":"px","ocean_menu_typo_font_weight":"","ocean_menu_typo_font_weight_tablet":"","ocean_menu_typo_font_weight_mobile":"","ocean_menu_typo_transform":"","ocean_menu_typo_transform_tablet":"","ocean_menu_typo_transform_mobile":"","ocean_menu_typo_line_height":0,"ocean_menu_typo_line_height_tablet":0,"ocean_menu_typo_line_height_mobile":0,"ocean_menu_typo_line_height_unit":"","ocean_menu_typo_spacing":0,"ocean_menu_typo_spacing_tablet":0,"ocean_menu_typo_spacing_mobile":0,"ocean_menu_typo_spacing_unit":"","ocean_menu_link_color":"","ocean_menu_link_color_hover":"","ocean_menu_link_color_active":"","ocean_menu_link_background":"","ocean_menu_link_hover_background":"","ocean_menu_link_active_background":"","ocean_menu_social_links_bg":"","ocean_menu_social_hover_links_bg":"","ocean_menu_social_links_color":"","ocean_menu_social_hover_links_color":"","ocean_disable_title":"default","ocean_disable_heading":"default","ocean_post_title":"","ocean_post_subheading":"","ocean_post_title_style":"","ocean_post_title_background_color":"","ocean_post_title_background":0,"ocean_post_title_bg_image_position":"","ocean_post_title_bg_image_attachment":"","ocean_post_title_bg_image_repeat":"","ocean_post_title_bg_image_size":"","ocean_post_title_height":0,"ocean_post_title_bg_overlay":0.5,"ocean_post_title_bg_overlay_color":"","ocean_disable_breadcrumbs":"default","ocean_breadcrumbs_color":"","ocean_breadcrumbs_separator_color":"","ocean_breadcrumbs_links_color":"","ocean_breadcrumbs_links_hover_color":"","ocean_display_footer_widgets":"default","ocean_display_footer_bottom":"default","ocean_custom_footer_template":"0"},"product_brand":[74],"product_cat":[31,29],"product_tag":[],"class_list":{"0":"post-2685","1":"product","2":"type-product","3":"status-publish","4":"has-post-thumbnail","6":"product_brand-nobilis","7":"product_cat-capsules","8":"product_cat-produits-a-base-de-cbd","10":"entry","11":"has-media","13":"first","14":"instock","15":"shipping-taxable","16":"purchasable","17":"product-type-simple","18":"has-product-nav","19":"col","20":"span_1_of_4","21":"owp-content-center","22":"owp-thumbs-layout-horizontal","23":"owp-btn-normal","24":"owp-tabs-layout-horizontal"},"_links":{"self":[{"href":"https:\/\/pierredelune-sceaux.fr\/index.php\/wp-json\/wp\/v2\/product\/2685","targetHints":{"allow":["GET"]}}],"collection":[{"href":"https:\/\/pierredelune-sceaux.fr\/index.php\/wp-json\/wp\/v2\/product"}],"about":[{"href":"https:\/\/pierredelune-sceaux.fr\/index.php\/wp-json\/wp\/v2\/types\/product"}],"wp:featuredmedia":[{"embeddable":true,"href":"https:\/\/pierredelune-sceaux.fr\/index.php\/wp-json\/wp\/v2\/media\/2686"}],"wp:attachment":[{"href":"https:\/\/pierredelune-sceaux.fr\/index.php\/wp-json\/wp\/v2\/media?parent=2685"}],"wp:term":[{"taxonomy":"product_brand","embeddable":true,"href":"https:\/\/pierredelune-sceaux.fr\/index.php\/wp-json\/wp\/v2\/product_brand?post=2685"},{"taxonomy":"product_cat","embeddable":true,"href":"https:\/\/pierredelune-sceaux.fr\/index.php\/wp-json\/wp\/v2\/product_cat?post=2685"},{"taxonomy":"product_tag","embeddable":true,"href":"https:\/\/pierredelune-sceaux.fr\/index.php\/wp-json\/wp\/v2\/product_tag?post=2685"}],"curies":[{"name":"wp","href":"https:\/\/api.w.org\/{rel}","templated":true}]}}