{"id":2691,"date":"2026-03-20T22:36:38","date_gmt":"2026-03-20T21:36:38","guid":{"rendered":"https:\/\/pierredelune-sceaux.fr\/?post_type=product&#038;p=2691"},"modified":"2026-03-20T22:36:38","modified_gmt":"2026-03-20T21:36:38","slug":"chondrosilice-gel-de-massage","status":"publish","type":"product","link":"https:\/\/pierredelune-sceaux.fr\/index.php\/produit\/chondrosilice-gel-de-massage\/","title":{"rendered":"ChondroSilice\u00ae Gel de massage"},"content":{"rendered":"<p>ChondroSilice\u00ae Gel de massage\u00a0associe l&rsquo;harpagophytum, le\u00a0bambou, la\u00a0pr\u00eale, le\u00a0menthol\u00a0et la\u00a0chondro\u00eftine sulfate d&rsquo;origine marine.<\/p>\n<p>Ce gel vous procurera un effet apaisant gr\u00e2ce \u00e0 ses divers composants et rafra\u00eechissant par l&rsquo;apport du menthol.<\/p>\n<p>L&rsquo;effet apaisant sera\u00a0optimis\u00e9 par un l\u00e9ger massage.<\/p>\n<hr \/>\n<p>Composition :<\/p>\n<ul>\n<li>24% d&rsquo;extraits de plantes hydro glycoliques (8% d&rsquo;extrait d&rsquo;harpagophytum, 8% d&rsquo;extrait de pr\u00eale et 8% d&rsquo;extrait de bambou titr\u00e9 \u00e0 75% de silice),<\/li>\n<li>2.3% d&rsquo;agents rafraichissants (menthol + \u00e9thyl menthane carboxamide)<\/li>\n<li>0.1% de chondro\u00eftine sulfate d&rsquo;origine marine titr\u00e9e \u00e0 90%<\/li>\n<\/ul>\n<hr \/>\n<p>Usage externe.<br \/>\nNe pas avaler.<br \/>\nEviter le contact avec les yeux.<\/p>\n<p>Ne pas utiliser chez l&rsquo;enfant de moins de 3 ans et chez la femme enceinte ou allaitante.<br \/>\nNe pas appliquer sur les plaies, la peau l\u00e9s\u00e9e, les muqueuses, le visage.<\/p>\n<p>Gel non gras, p\u00e9n\u00e8tre rapidement et ne t\u00e2che pas.<\/p>\n","protected":false},"excerpt":{"rendered":"<p class=\"h4 product-subname\">Gel articulaire apaisant, effet de fra\u00eecheur qui apporte une sensation d&rsquo;apaisement.<\/p>\n<p>Tube de 150ml.<\/p>\n<div class=\"below-title-section\" data-np-autofill-form-type=\"other\" data-np-checked=\"1\" data-np-watching=\"1\">\n<div class=\"avis-verifie-head-section\">\n<div class=\"skeepers_product__stars stars-cursor\" data-product-id=\"2110\">\n<div class=\"skeepers_product__stars\">\n<div class=\"stars__rating\"><\/div>\n<\/div>\n<\/div>\n<\/div>\n<\/div>\n","protected":false},"featured_media":2693,"template":"","meta":{"ocean_post_layout":"","ocean_both_sidebars_style":"","ocean_both_sidebars_content_width":0,"ocean_both_sidebars_sidebars_width":0,"ocean_sidebar":"0","ocean_second_sidebar":"0","ocean_disable_margins":"enable","ocean_add_body_class":"","ocean_shortcode_before_top_bar":"","ocean_shortcode_after_top_bar":"","ocean_shortcode_before_header":"","ocean_shortcode_after_header":"","ocean_has_shortcode":"","ocean_shortcode_after_title":"","ocean_shortcode_before_footer_widgets":"","ocean_shortcode_after_footer_widgets":"","ocean_shortcode_before_footer_bottom":"","ocean_shortcode_after_footer_bottom":"","ocean_display_top_bar":"default","ocean_display_header":"default","ocean_header_style":"","ocean_center_header_left_menu":"0","ocean_custom_header_template":"0","ocean_custom_logo":0,"ocean_custom_retina_logo":0,"ocean_custom_logo_max_width":0,"ocean_custom_logo_tablet_max_width":0,"ocean_custom_logo_mobile_max_width":0,"ocean_custom_logo_max_height":0,"ocean_custom_logo_tablet_max_height":0,"ocean_custom_logo_mobile_max_height":0,"ocean_header_custom_menu":"0","ocean_menu_typo_font_family":"0","ocean_menu_typo_font_subset":"","ocean_menu_typo_font_size":0,"ocean_menu_typo_font_size_tablet":0,"ocean_menu_typo_font_size_mobile":0,"ocean_menu_typo_font_size_unit":"px","ocean_menu_typo_font_weight":"","ocean_menu_typo_font_weight_tablet":"","ocean_menu_typo_font_weight_mobile":"","ocean_menu_typo_transform":"","ocean_menu_typo_transform_tablet":"","ocean_menu_typo_transform_mobile":"","ocean_menu_typo_line_height":0,"ocean_menu_typo_line_height_tablet":0,"ocean_menu_typo_line_height_mobile":0,"ocean_menu_typo_line_height_unit":"","ocean_menu_typo_spacing":0,"ocean_menu_typo_spacing_tablet":0,"ocean_menu_typo_spacing_mobile":0,"ocean_menu_typo_spacing_unit":"","ocean_menu_link_color":"","ocean_menu_link_color_hover":"","ocean_menu_link_color_active":"","ocean_menu_link_background":"","ocean_menu_link_hover_background":"","ocean_menu_link_active_background":"","ocean_menu_social_links_bg":"","ocean_menu_social_hover_links_bg":"","ocean_menu_social_links_color":"","ocean_menu_social_hover_links_color":"","ocean_disable_title":"default","ocean_disable_heading":"default","ocean_post_title":"","ocean_post_subheading":"","ocean_post_title_style":"","ocean_post_title_background_color":"","ocean_post_title_background":0,"ocean_post_title_bg_image_position":"","ocean_post_title_bg_image_attachment":"","ocean_post_title_bg_image_repeat":"","ocean_post_title_bg_image_size":"","ocean_post_title_height":0,"ocean_post_title_bg_overlay":0.5,"ocean_post_title_bg_overlay_color":"","ocean_disable_breadcrumbs":"default","ocean_breadcrumbs_color":"","ocean_breadcrumbs_separator_color":"","ocean_breadcrumbs_links_color":"","ocean_breadcrumbs_links_hover_color":"","ocean_display_footer_widgets":"default","ocean_display_footer_bottom":"default","ocean_custom_footer_template":"0"},"product_brand":[49],"product_cat":[75],"product_tag":[],"class_list":{"0":"post-2691","1":"product","2":"type-product","3":"status-publish","4":"has-post-thumbnail","6":"product_brand-laboratoire-fenioux","7":"product_cat-gel","9":"entry","10":"has-media","12":"first","13":"instock","14":"shipping-taxable","15":"product-type-simple","16":"has-product-nav","17":"col","18":"span_1_of_4","19":"owp-content-center","20":"owp-thumbs-layout-horizontal","21":"owp-btn-normal","22":"owp-tabs-layout-horizontal","23":"has-no-thumbnails"},"_links":{"self":[{"href":"https:\/\/pierredelune-sceaux.fr\/index.php\/wp-json\/wp\/v2\/product\/2691","targetHints":{"allow":["GET"]}}],"collection":[{"href":"https:\/\/pierredelune-sceaux.fr\/index.php\/wp-json\/wp\/v2\/product"}],"about":[{"href":"https:\/\/pierredelune-sceaux.fr\/index.php\/wp-json\/wp\/v2\/types\/product"}],"wp:featuredmedia":[{"embeddable":true,"href":"https:\/\/pierredelune-sceaux.fr\/index.php\/wp-json\/wp\/v2\/media\/2693"}],"wp:attachment":[{"href":"https:\/\/pierredelune-sceaux.fr\/index.php\/wp-json\/wp\/v2\/media?parent=2691"}],"wp:term":[{"taxonomy":"product_brand","embeddable":true,"href":"https:\/\/pierredelune-sceaux.fr\/index.php\/wp-json\/wp\/v2\/product_brand?post=2691"},{"taxonomy":"product_cat","embeddable":true,"href":"https:\/\/pierredelune-sceaux.fr\/index.php\/wp-json\/wp\/v2\/product_cat?post=2691"},{"taxonomy":"product_tag","embeddable":true,"href":"https:\/\/pierredelune-sceaux.fr\/index.php\/wp-json\/wp\/v2\/product_tag?post=2691"}],"curies":[{"name":"wp","href":"https:\/\/api.w.org\/{rel}","templated":true}]}}